{"id":22,"date":"2025-03-10T11:10:11","date_gmt":"2025-03-10T10:10:11","guid":{"rendered":"http:\/\/localhost\/wordpress\/?page_id=22"},"modified":"2026-03-18T10:52:09","modified_gmt":"2026-03-18T09:52:09","slug":"axes","status":"publish","type":"page","link":"https:\/\/www.jtekt-cs.fr\/en\/axes\/","title":{"rendered":"Shafts"},"content":{"rendered":"","protected":false},"excerpt":{"rendered":"","protected":false},"author":1,"featured_media":0,"parent":0,"menu_order":0,"comment_status":"closed","ping_status":"closed","template":"full-width","meta":{"saved_in_kubio":true,"_uag_custom_page_level_css":"","footnotes":""},"class_list":["post-22","page","type-page","status-publish","hentry"],"kubio_ai_page_context":{"short_desc":"","purpose":"general"},"yoast_head":"<!-- This site is optimized with the Yoast SEO plugin v27.5 - https:\/\/yoast.com\/product\/yoast-seo-wordpress\/ -->\n<title>Axes - JTEKT Column Systems France<\/title>\n<meta name=\"description\" content=\"D\u00e9couvrez les sp\u00e9cificit\u00e9s de nos axes : coulissement fluide, rotation optimale, guidages et formes vari\u00e9es pour s\u2019adapter \u00e0 chaque liaison.\" \/>\n<meta name=\"robots\" content=\"index, follow, max-snippet:-1, max-image-preview:large, max-video-preview:-1\" \/>\n<link rel=\"canonical\" href=\"https:\/\/www.jtekt-cs.fr\/en\/axes\/\" \/>\n<meta property=\"og:locale\" content=\"en_GB\" \/>\n<meta property=\"og:type\" content=\"article\" \/>\n<meta property=\"og:title\" content=\"Axes - JTEKT Column Systems France\" \/>\n<meta property=\"og:description\" content=\"D\u00e9couvrez les sp\u00e9cificit\u00e9s de nos axes : coulissement fluide, rotation optimale, guidages et formes vari\u00e9es pour s\u2019adapter \u00e0 chaque liaison.\" \/>\n<meta property=\"og:url\" content=\"https:\/\/www.jtekt-cs.fr\/en\/axes\/\" \/>\n<meta property=\"og:site_name\" content=\"Site JTEKT\" \/>\n<meta property=\"article:modified_time\" content=\"2026-03-18T09:52:09+00:00\" \/>\n<meta property=\"og:image\" content=\"https:\/\/www.jtekt-cs.fr\/wp-content\/uploads\/2025\/07\/axe-4.png\" \/>\n<meta name=\"twitter:card\" content=\"summary_large_image\" \/>\n<script type=\"application\/ld+json\" class=\"yoast-schema-graph\">{\"@context\":\"https:\\\/\\\/schema.org\",\"@graph\":[{\"@type\":\"WebPage\",\"@id\":\"https:\\\/\\\/www.jtekt-cs.fr\\\/axes\\\/\",\"url\":\"https:\\\/\\\/www.jtekt-cs.fr\\\/axes\\\/\",\"name\":\"Axes - JTEKT Column Systems France\",\"isPartOf\":{\"@id\":\"https:\\\/\\\/www.jtekt-cs.fr\\\/#website\"},\"primaryImageOfPage\":{\"@id\":\"https:\\\/\\\/www.jtekt-cs.fr\\\/axes\\\/#primaryimage\"},\"image\":{\"@id\":\"https:\\\/\\\/www.jtekt-cs.fr\\\/axes\\\/#primaryimage\"},\"thumbnailUrl\":\"https:\\\/\\\/www.jtekt-cs.fr\\\/wp-content\\\/uploads\\\/2025\\\/07\\\/axe-4.png\",\"datePublished\":\"2025-03-10T10:10:11+00:00\",\"dateModified\":\"2026-03-18T09:52:09+00:00\",\"description\":\"D\u00e9couvrez les sp\u00e9cificit\u00e9s de nos axes : coulissement fluide, rotation optimale, guidages et formes vari\u00e9es pour s\u2019adapter \u00e0 chaque liaison.\",\"breadcrumb\":{\"@id\":\"https:\\\/\\\/www.jtekt-cs.fr\\\/axes\\\/#breadcrumb\"},\"inLanguage\":\"en-GB\",\"potentialAction\":[{\"@type\":\"ReadAction\",\"target\":[\"https:\\\/\\\/www.jtekt-cs.fr\\\/axes\\\/\"]}]},{\"@type\":\"ImageObject\",\"inLanguage\":\"en-GB\",\"@id\":\"https:\\\/\\\/www.jtekt-cs.fr\\\/axes\\\/#primaryimage\",\"url\":\"https:\\\/\\\/www.jtekt-cs.fr\\\/wp-content\\\/uploads\\\/2025\\\/07\\\/axe-4.png\",\"contentUrl\":\"https:\\\/\\\/www.jtekt-cs.fr\\\/wp-content\\\/uploads\\\/2025\\\/07\\\/axe-4.png\"},{\"@type\":\"BreadcrumbList\",\"@id\":\"https:\\\/\\\/www.jtekt-cs.fr\\\/axes\\\/#breadcrumb\",\"itemListElement\":[{\"@type\":\"ListItem\",\"position\":1,\"name\":\"Accueil\",\"item\":\"https:\\\/\\\/www.jtekt-cs.fr\\\/\"},{\"@type\":\"ListItem\",\"position\":2,\"name\":\"Axes\"}]},{\"@type\":\"WebSite\",\"@id\":\"https:\\\/\\\/www.jtekt-cs.fr\\\/#website\",\"url\":\"https:\\\/\\\/www.jtekt-cs.fr\\\/\",\"name\":\"JTEKT Columns Systems France\",\"description\":\"\",\"publisher\":{\"@id\":\"https:\\\/\\\/www.jtekt-cs.fr\\\/#organization\"},\"potentialAction\":[{\"@type\":\"SearchAction\",\"target\":{\"@type\":\"EntryPoint\",\"urlTemplate\":\"https:\\\/\\\/www.jtekt-cs.fr\\\/?s={search_term_string}\"},\"query-input\":{\"@type\":\"PropertyValueSpecification\",\"valueRequired\":true,\"valueName\":\"search_term_string\"}}],\"inLanguage\":\"en-GB\"},{\"@type\":\"Organization\",\"@id\":\"https:\\\/\\\/www.jtekt-cs.fr\\\/#organization\",\"name\":\"JTEKT Columns Systems France\",\"url\":\"https:\\\/\\\/www.jtekt-cs.fr\\\/\",\"logo\":{\"@type\":\"ImageObject\",\"inLanguage\":\"en-GB\",\"@id\":\"https:\\\/\\\/www.jtekt-cs.fr\\\/#\\\/schema\\\/logo\\\/image\\\/\",\"url\":\"https:\\\/\\\/www.jtekt-cs.fr\\\/wp-content\\\/uploads\\\/2025\\\/03\\\/12_column-systems-france-.jpg\",\"contentUrl\":\"https:\\\/\\\/www.jtekt-cs.fr\\\/wp-content\\\/uploads\\\/2025\\\/03\\\/12_column-systems-france-.jpg\",\"width\":1973,\"height\":946,\"caption\":\"JTEKT Columns Systems France\"},\"image\":{\"@id\":\"https:\\\/\\\/www.jtekt-cs.fr\\\/#\\\/schema\\\/logo\\\/image\\\/\"}}]}<\/script>\n<!-- \/ Yoast SEO plugin. -->","yoast_head_json":{"title":"Axes - JTEKT Column Systems France","description":"D\u00e9couvrez les sp\u00e9cificit\u00e9s de nos axes : coulissement fluide, rotation optimale, guidages et formes vari\u00e9es pour s\u2019adapter \u00e0 chaque liaison.","robots":{"index":"index","follow":"follow","max-snippet":"max-snippet:-1","max-image-preview":"max-image-preview:large","max-video-preview":"max-video-preview:-1"},"canonical":"https:\/\/www.jtekt-cs.fr\/en\/axes\/","og_locale":"en_GB","og_type":"article","og_title":"Axes - JTEKT Column Systems France","og_description":"D\u00e9couvrez les sp\u00e9cificit\u00e9s de nos axes : coulissement fluide, rotation optimale, guidages et formes vari\u00e9es pour s\u2019adapter \u00e0 chaque liaison.","og_url":"https:\/\/www.jtekt-cs.fr\/en\/axes\/","og_site_name":"Site JTEKT","article_modified_time":"2026-03-18T09:52:09+00:00","og_image":[{"url":"https:\/\/www.jtekt-cs.fr\/wp-content\/uploads\/2025\/07\/axe-4.png","type":"","width":"","height":""}],"twitter_card":"summary_large_image","schema":{"@context":"https:\/\/schema.org","@graph":[{"@type":"WebPage","@id":"https:\/\/www.jtekt-cs.fr\/axes\/","url":"https:\/\/www.jtekt-cs.fr\/axes\/","name":"Axes - JTEKT Column Systems France","isPartOf":{"@id":"https:\/\/www.jtekt-cs.fr\/#website"},"primaryImageOfPage":{"@id":"https:\/\/www.jtekt-cs.fr\/axes\/#primaryimage"},"image":{"@id":"https:\/\/www.jtekt-cs.fr\/axes\/#primaryimage"},"thumbnailUrl":"https:\/\/www.jtekt-cs.fr\/wp-content\/uploads\/2025\/07\/axe-4.png","datePublished":"2025-03-10T10:10:11+00:00","dateModified":"2026-03-18T09:52:09+00:00","description":"D\u00e9couvrez les sp\u00e9cificit\u00e9s de nos axes : coulissement fluide, rotation optimale, guidages et formes vari\u00e9es pour s\u2019adapter \u00e0 chaque liaison.","breadcrumb":{"@id":"https:\/\/www.jtekt-cs.fr\/axes\/#breadcrumb"},"inLanguage":"en-GB","potentialAction":[{"@type":"ReadAction","target":["https:\/\/www.jtekt-cs.fr\/axes\/"]}]},{"@type":"ImageObject","inLanguage":"en-GB","@id":"https:\/\/www.jtekt-cs.fr\/axes\/#primaryimage","url":"https:\/\/www.jtekt-cs.fr\/wp-content\/uploads\/2025\/07\/axe-4.png","contentUrl":"https:\/\/www.jtekt-cs.fr\/wp-content\/uploads\/2025\/07\/axe-4.png"},{"@type":"BreadcrumbList","@id":"https:\/\/www.jtekt-cs.fr\/axes\/#breadcrumb","itemListElement":[{"@type":"ListItem","position":1,"name":"Accueil","item":"https:\/\/www.jtekt-cs.fr\/"},{"@type":"ListItem","position":2,"name":"Axes"}]},{"@type":"WebSite","@id":"https:\/\/www.jtekt-cs.fr\/#website","url":"https:\/\/www.jtekt-cs.fr\/","name":"JTEKT Columns Systems France","description":"","publisher":{"@id":"https:\/\/www.jtekt-cs.fr\/#organization"},"potentialAction":[{"@type":"SearchAction","target":{"@type":"EntryPoint","urlTemplate":"https:\/\/www.jtekt-cs.fr\/?s={search_term_string}"},"query-input":{"@type":"PropertyValueSpecification","valueRequired":true,"valueName":"search_term_string"}}],"inLanguage":"en-GB"},{"@type":"Organization","@id":"https:\/\/www.jtekt-cs.fr\/#organization","name":"JTEKT Columns Systems France","url":"https:\/\/www.jtekt-cs.fr\/","logo":{"@type":"ImageObject","inLanguage":"en-GB","@id":"https:\/\/www.jtekt-cs.fr\/#\/schema\/logo\/image\/","url":"https:\/\/www.jtekt-cs.fr\/wp-content\/uploads\/2025\/03\/12_column-systems-france-.jpg","contentUrl":"https:\/\/www.jtekt-cs.fr\/wp-content\/uploads\/2025\/03\/12_column-systems-france-.jpg","width":1973,"height":946,"caption":"JTEKT Columns Systems France"},"image":{"@id":"https:\/\/www.jtekt-cs.fr\/#\/schema\/logo\/image\/"}}]}},"uagb_featured_image_src":{"full":false,"thumbnail":false,"medium":false,"medium_large":false,"large":false,"1536x1536":false,"2048x2048":false,"trp-custom-language-flag":false,"kubio-fullhd":false},"uagb_author_info":{"display_name":"root","author_link":"https:\/\/www.jtekt-cs.fr\/en\/author\/root\/"},"uagb_comment_info":0,"uagb_excerpt":null,"_links":{"self":[{"href":"https:\/\/www.jtekt-cs.fr\/en\/wp-json\/wp\/v2\/pages\/22","targetHints":{"allow":["GET"]}}],"collection":[{"href":"https:\/\/www.jtekt-cs.fr\/en\/wp-json\/wp\/v2\/pages"}],"about":[{"href":"https:\/\/www.jtekt-cs.fr\/en\/wp-json\/wp\/v2\/types\/page"}],"author":[{"embeddable":true,"href":"https:\/\/www.jtekt-cs.fr\/en\/wp-json\/wp\/v2\/users\/1"}],"replies":[{"embeddable":true,"href":"https:\/\/www.jtekt-cs.fr\/en\/wp-json\/wp\/v2\/comments?post=22"}],"version-history":[{"count":47,"href":"https:\/\/www.jtekt-cs.fr\/en\/wp-json\/wp\/v2\/pages\/22\/revisions"}],"predecessor-version":[{"id":1467,"href":"https:\/\/www.jtekt-cs.fr\/en\/wp-json\/wp\/v2\/pages\/22\/revisions\/1467"}],"wp:attachment":[{"href":"https:\/\/www.jtekt-cs.fr\/en\/wp-json\/wp\/v2\/media?parent=22"}],"curies":[{"name":"wp","href":"https:\/\/api.w.org\/{rel}","templated":true}]}}